{"id":12682,"date":"2023-03-30T06:45:15","date_gmt":"2023-03-30T06:45:15","guid":{"rendered":"https:\/\/bettergy.es\/?page_id=12682"},"modified":"2023-07-29T13:17:00","modified_gmt":"2023-07-29T13:17:00","slug":"politica-privacidad","status":"publish","type":"page","link":"https:\/\/bettergy.es\/en\/politica-privacidad\/","title":{"rendered":"Legal notice and privacy policy"},"content":{"rendered":"\t\t<div data-elementor-type=\"wp-page\" data-elementor-id=\"12682\" class=\"elementor elementor-12682 elementor-3\" data-elementor-post-type=\"page\">\n\t\t\t\t\t\t<section class=\"elementor-section elementor-top-section elementor-element elementor-element-55fd8fbc elementor-section-boxed elementor-section-height-default elementor-section-height-default\" data-id=\"55fd8fbc\" data-element_type=\"section\" data-e-type=\"section\">\n\t\t\t\t\t\t<div class=\"elementor-container elementor-column-gap-default\">\n\t\t\t\t\t<div class=\"elementor-column elementor-col-100 elementor-top-column elementor-element elementor-element-40e54f08\" data-id=\"40e54f08\" data-element_type=\"column\" data-e-type=\"column\">\n\t\t\t<div class=\"elementor-widget-wrap elementor-element-populated\">\n\t\t\t\t\t\t<div class=\"elementor-element elementor-element-26439e1 elementor-widget elementor-widget-heading\" data-id=\"26439e1\" data-element_type=\"widget\" data-e-type=\"widget\" data-widget_type=\"heading.default\">\n\t\t\t\t<div class=\"elementor-widget-container\">\n\t\t\t\t\t<h2 class=\"elementor-heading-title elementor-size-default\">Aviso legal y pol\u00edtica de privacidad<\/h2>\t\t\t\t<\/div>\n\t\t\t\t<\/div>\n\t\t\t\t<div class=\"elementor-element elementor-element-1ce0f365 elementor-widget elementor-widget-text-editor\" data-id=\"1ce0f365\" data-element_type=\"widget\" data-e-type=\"widget\" data-widget_type=\"text-editor.default\">\n\t\t\t\t<div class=\"elementor-widget-container\">\n\t\t\t\t\t\t\t\t\t\n<p>Para dar cumplimiento a lo establecido en la Ley 34\/2002 de 11 de julio, de Servicios de la Sociedad de la Informaci\u00f3n y de Comercio Electr\u00f3nico (LSSICE), a continuaci\u00f3n se indican los datos de informaci\u00f3n general del sitio web\u00a0<a href=\"https:\/\/www.bettergy.es\/\"><strong>www.bettergy.es<\/strong>\u00a0<\/a>\u00a0:<\/p>\n<p><strong>Titular del sitio web<\/strong><\/p>\n<p>Raz\u00f3n Social: BETTERGY S.L. CIF: B93149870. Inscrita en el Registro Mercantil de M\u00e1laga. Tomo 4928, Folio 68-70, Hoja MA-110797<u>,<\/u>\u00a0Domicilio social: Avenida Juan L\u00f3pez Pe\u00f1alver N\u00ba17, M\u00e1laga 29590. Tel\u00e9fono: (+34) 952 025 789. E-mail del DPD o Responsable de Protecci\u00f3n de Datos:\u00a0<strong>info@bettergy.es<\/strong><\/p>\n<p><strong>Utilizaci\u00f3n del sitio web<\/strong><\/p>\n<p>El sitio web es ofrecido con fines informativos en relaci\u00f3n con la actividad desarrollada por BETTERGY S.L.<\/p>\n<p><strong>\u00bfCon que finalidad tratamos sus datos?<\/strong><\/p>\n<p>Los datos que nos facilita podr\u00e1n ser utilizados para contactar con Ud. para atender, tramitar y gestionar adecuadamente sus peticiones, consultas, comentarios, incidencias o sugerencias remitidas; Tambi\u00e9n utilizaremos sus datos de contacto para mantenerle informados sobre productos o servicios que puedan ser de su inter\u00e9s si nos da su consentimiento mediante los cauces proporcionados en nuestro sitio web.<\/p>\n<p><b>\u00bfCu\u00e1l\u00a0es la legitimaci\u00f3n con la que tratamos sus datos?<\/b><\/p>\n<p>El tratamiento de sus datos para atender las consultas o solicitud de informaci\u00f3n realizada por Ud. se basa en el consentimiento que nos presta al hacernos llegar su correo electr\u00f3nico de contacto y al aceptar la recepci\u00f3n de comunicaciones comerciales, consentimiento que podr\u00e1 retirar en cualquier momento.<\/p>\n<p><strong>\u00bfA que destinatarios se comunicar\u00e1n sus datos?<\/strong><\/p>\n<p>Sus datos no ser\u00e1n comunicados a terceros.<\/p>\n<p><strong>\u00bfCu\u00e1nto tiempo conservaremos sus datos?<\/strong><\/p>\n<p>Los datos ser\u00e1n conservados durante el tiempo imprescindible en funci\u00f3n de la finalidad para la que fueron facilitados o recabados, sin perjuicio de, en su caso, el ejercicio de su derecho de supresi\u00f3n.<\/p>\n<p><strong>\u00bfCu\u00e1les son sus derechos?<\/strong><\/p>\n<p>Tendr\u00e1 derecho a obtener confirmaci\u00f3n sobre si estamos tratando datos personales que le conciernen o no.<br \/>En relaci\u00f3n con sus datos personales tiene derecho a:<\/p>\n<ol>\n<li>Acceder a los mismos.<\/li>\n<li>Solicitar su rectificaci\u00f3n o supresi\u00f3n.<\/li>\n<li>Solicitar la limitaci\u00f3n de su tratamiento.<\/li>\n<li>Oponerse a su tratamiento.<\/li>\n<li>Solicitar su portabilidad en un formato estructurado, de uso com\u00fan y de lectura mec\u00e1nica.<\/li>\n<li>Podr\u00e1 ejercer tales derechos dirigi\u00e9ndose por escrito a la direcci\u00f3n postal o electr\u00f3nica indicadas en los datos de contacto del Titular del sitio web.<\/li>\n<\/ol>\n<p><strong>Derecho a presentar reclamaci\u00f3n ante la autoridad de control<\/strong><\/p>\n<p>En todo momento podr\u00e1 presentar reclamaci\u00f3n ante la Agencia Espa\u00f1ola de Protecci\u00f3n de Datos:\u00a0<a href=\"http:\/\/www.aepd.es\/\">www.aepd.es<\/a><\/p>\n<p><strong>V\u00ednculos a Terceros<\/strong><\/p>\n<p>En el caso de v\u00ednculos a sitios de terceros, el usuario pasar\u00e1 a estar regido por los T\u00e9rminos de Uso y Pol\u00edtica de Privacidad del nuevo sitio web, aceptando que BETTERGY S.L. no ser\u00e1 responsable ni tendr\u00e1 obligaci\u00f3n legal por el uso de tales sitios.<\/p>\n<p><strong>Derechos de Autor<\/strong><\/p>\n<p>Todas las marcas, logotipos, nombres comerciales, signos distintivos, servicios, contenidos, textos, fotograf\u00edas, gr\u00e1ficos, im\u00e1genes, software, links e informaciones de cualquier clase que aparecen en este sitio web son propiedad de BETTERGY S.L., o son propiedad de terceros usados en este sitio web con autorizaci\u00f3n de los mismos, por lo que no podr\u00e1n ser reproducidos, distribuidos, comunicados p\u00fablicamente, transformados o modificados sin autorizaci\u00f3n expresa.<\/p>\n<p><strong>Modificaciones de los T\u00e9rminos de Uso y Pol\u00edtica de Privacidad<\/strong><\/p>\n<p>BETTERGY S.L. se reserva el derecho a modificar sus T\u00e9rminos de Uso y Pol\u00edtica de Privacidad cuando lo considere adecuado. El usuario se obliga a revisar el contenido de estos T\u00e9rminos de Uso y Pol\u00edtica de Privacidad, ya que los mismos pueden ser modificados sin previo aviso. Asimismo, comprende y acepta todas y cada una de las cl\u00e1usulas contenidas en el presente documento. Es de la entera responsabilidad del usuario revisar los t\u00e9rminos antes mencionados.<\/p>\n\t\t\t\t\t\t\t\t<\/div>\n\t\t\t\t<\/div>\n\t\t\t\t\t<\/div>\n\t\t<\/div>\n\t\t\t\t\t<\/div>\n\t\t<\/section>\n\t\t\t\t<\/div>\n\t\t","protected":false},"excerpt":{"rendered":"<p>Aviso legal y pol\u00edtica de privacidad Para dar cumplimiento a lo establecido en la Ley 34\/2002 de 11 de julio, de Servicios de la Sociedad de la Informaci\u00f3n y de Comercio Electr\u00f3nico (LSSICE), a continuaci\u00f3n se indican los datos de informaci\u00f3n general del sitio web&nbsp;www.bettergy.es&nbsp;&nbsp;: Titular del sitio web Raz\u00f3n Social: BETTERGY S.L. CIF: B93149870. [&hellip;]<\/p>\n","protected":false},"author":4,"featured_media":0,"parent":0,"menu_order":0,"comment_status":"closed","ping_status":"open","template":"","meta":{"content-type":"","_monsterinsights_skip_tracking":false,"_monsterinsights_sitenote_active":false,"_monsterinsights_sitenote_note":"","_monsterinsights_sitenote_category":0,"footnotes":""},"class_list":["post-12682","page","type-page","status-publish","hentry"],"aioseo_notices":[],"_links":{"self":[{"href":"https:\/\/bettergy.es\/en\/wp-json\/wp\/v2\/pages\/12682","targetHints":{"allow":["GET"]}}],"collection":[{"href":"https:\/\/bettergy.es\/en\/wp-json\/wp\/v2\/pages"}],"about":[{"href":"https:\/\/bettergy.es\/en\/wp-json\/wp\/v2\/types\/page"}],"author":[{"embeddable":true,"href":"https:\/\/bettergy.es\/en\/wp-json\/wp\/v2\/users\/4"}],"replies":[{"embeddable":true,"href":"https:\/\/bettergy.es\/en\/wp-json\/wp\/v2\/comments?post=12682"}],"version-history":[{"count":8,"href":"https:\/\/bettergy.es\/en\/wp-json\/wp\/v2\/pages\/12682\/revisions"}],"predecessor-version":[{"id":15760,"href":"https:\/\/bettergy.es\/en\/wp-json\/wp\/v2\/pages\/12682\/revisions\/15760"}],"wp:attachment":[{"href":"https:\/\/bettergy.es\/en\/wp-json\/wp\/v2\/media?parent=12682"}],"curies":[{"name":"wp","href":"https:\/\/api.w.org\/{rel}","templated":true}]}}